{"id":78,"date":"2025-10-26T13:52:13","date_gmt":"2025-10-26T13:52:13","guid":{"rendered":"https:\/\/nifty-booth.141-94-251-120.plesk.page\/?post_type=product&#038;p=78"},"modified":"2026-02-28T11:38:07","modified_gmt":"2026-02-28T11:38:07","slug":"ourson-bleu-et-blanc","status":"publish","type":"product","link":"https:\/\/nifty-booth.141-94-251-120.plesk.page\/index.php\/produit\/ourson-bleu-et-blanc\/","title":{"rendered":"Petite Brise"},"content":{"rendered":"<p>Cet ourson <strong>r\u00e9confortant <\/strong>de 30cm assis,\u00a0aussi bien par sa forme que par la <strong>douceur<\/strong> de la <strong>laine tricot\u00e9<\/strong> \u00e0 la <strong>main.<\/strong><\/p>\n<p>La peluche a n\u00e9cessit\u00e9e un temps de travail de 14 heures\u2026<\/p>\n<p>Nous utilisons exclusivement de la\u00a0laine de qualit\u00e9 sup\u00e9rieure,<\/p>\n<p>les yeux sont fixes fabriqu\u00e9es en plastique ( <em>TPU <\/em>) avec s\u00e9curit\u00e9 anti d\u00e9tachement.<\/p>\n<p><em>Conseils d\u2019entretien :\u00a0<\/em><\/p>\n<ul>\n<li>Lavage \u00e0 la machine \u00e0 30 degr\u00e9s \u2013 <em>programme d\u00e9licat<\/em><\/li>\n<li>Pas de s\u00e8che linge<\/li>\n<\/ul>\n","protected":false},"excerpt":{"rendered":"<h3 data-start=\"157\" data-end=\"221\"><strong data-start=\"161\" data-end=\"221\">L\u2019histoire de <em data-start=\"177\" data-end=\"219\">Petite Brise, le Doudou Qui Aime le Vent<\/em><\/strong><\/h3>\n<p data-start=\"223\" data-end=\"532\">Dans le jardin laineux de Petite Maille Kawaii, juste entre une pelote bleu ciel et une autre couleur miel, vit un petit doudou tout en douceur et en nuances claires.<br data-start=\"389\" data-end=\"392\" \/>On l\u2019appelle <strong data-start=\"405\" data-end=\"421\">Petite Brise<\/strong>, parce qu\u2019il a cette mani\u00e8re apaisante de se glisser dans une pi\u00e8ce comme un souffle d\u2019air frais en plein \u00e9t\u00e9.<\/p>\n<p data-start=\"1637\" data-end=\"1727\"><strong data-start=\"1637\" data-end=\"1727\">Petite Brise : un doudou l\u00e9ger, d\u00e9licat et toujours pr\u00eat \u00e0 souffler un peu de bonheur.<\/strong><\/p>\n","protected":false},"featured_media":144,"comment_status":"closed","ping_status":"closed","template":"","meta":[],"product_brand":[],"product_cat":[17,18],"product_tag":[],"class_list":{"0":"post-78","1":"product","2":"type-product","3":"status-publish","4":"has-post-thumbnail","6":"product_cat-doudou","7":"product_cat-oursons","9":"first","10":"instock","11":"shipping-taxable","12":"purchasable","13":"product-type-simple"},"_links":{"self":[{"href":"https:\/\/nifty-booth.141-94-251-120.plesk.page\/index.php\/wp-json\/wp\/v2\/product\/78","targetHints":{"allow":["GET"]}}],"collection":[{"href":"https:\/\/nifty-booth.141-94-251-120.plesk.page\/index.php\/wp-json\/wp\/v2\/product"}],"about":[{"href":"https:\/\/nifty-booth.141-94-251-120.plesk.page\/index.php\/wp-json\/wp\/v2\/types\/product"}],"replies":[{"embeddable":true,"href":"https:\/\/nifty-booth.141-94-251-120.plesk.page\/index.php\/wp-json\/wp\/v2\/comments?post=78"}],"wp:featuredmedia":[{"embeddable":true,"href":"https:\/\/nifty-booth.141-94-251-120.plesk.page\/index.php\/wp-json\/wp\/v2\/media\/144"}],"wp:attachment":[{"href":"https:\/\/nifty-booth.141-94-251-120.plesk.page\/index.php\/wp-json\/wp\/v2\/media?parent=78"}],"wp:term":[{"taxonomy":"product_brand","embeddable":true,"href":"https:\/\/nifty-booth.141-94-251-120.plesk.page\/index.php\/wp-json\/wp\/v2\/product_brand?post=78"},{"taxonomy":"product_cat","embeddable":true,"href":"https:\/\/nifty-booth.141-94-251-120.plesk.page\/index.php\/wp-json\/wp\/v2\/product_cat?post=78"},{"taxonomy":"product_tag","embeddable":true,"href":"https:\/\/nifty-booth.141-94-251-120.plesk.page\/index.php\/wp-json\/wp\/v2\/product_tag?post=78"}],"curies":[{"name":"wp","href":"https:\/\/api.w.org\/{rel}","templated":true}]}}